{"id":45,"date":"2017-11-28T20:54:33","date_gmt":"2017-11-28T20:54:33","guid":{"rendered":"http:\/\/montenegro.mk\/mebel\/?page_id=45"},"modified":"2025-10-28T15:42:54","modified_gmt":"2025-10-28T15:42:54","slug":"%d0%b7%d0%b0-%d0%bd%d0%b0%d1%81","status":"publish","type":"page","link":"https:\/\/montenegro.mk\/sq\/%d0%b7%d0%b0-%d0%bd%d0%b0%d1%81\/","title":{"rendered":"Rreth Nesh"},"content":{"rendered":"<p><\/p>\n<p class=\"rtejustify\"><em><strong>Mir\u00eb se erdh\u00ebt n\u00eb bot\u00ebn e gj\u00ebrave t\u00eb bukura&#8230;<\/strong><\/em><\/p>\n<p class=\"rtejustify\">Mir\u00eb se erdh\u00ebt n\u00eb ueb faqen ton\u00eb t\u00eb re. MONTENEGRO \u00ebsht\u00eb nj\u00eb kompani me kapital privat, me seli n\u00eb qytetin e Gostivarit, e cila n\u00eb treg\u043en vendas funksionon me sukses mbi 25 vjet. Fillimet e kompanis\u00eb datojn\u00eb q\u00eb n\u00eb vitin 1963, si nj\u00eb firm\u00eb e vog\u00ebl q\u00eb merrej me prodhim, me seli n\u00eb Republik\u00ebn e Malit t\u00eb Zi, \u043a\u0443 vend nga i cili ka fituar edhe emrin MONTENEGRO.<\/p>\n<p class=\"rtejustify\">Veprimtaria jon\u00eb kryesore shtrihet n\u00eb fush\u00ebn e tregtis\u00eb me mobile italiane ekskluzive, si p\u00ebrfaq\u00ebsues gjeneral dhe ekskluziv t\u00eb shum\u00eb prodhuesve t\u00eb njohur italian t\u00eb mobileve, duke ofruar nj\u00eb mund\u00ebsi t\u00eb shk\u00eblqyer p\u00ebr t\u00eb kompletuar enterierin me karakter t\u00eb ndrysh\u00ebm, m\u00eb sakt\u00ebsisht p\u00ebr t\u00eb kompletuar sht\u00ebpit\u00eb, zyrat, kafenet\u00eb dhe baret, restorantet, hotelet etj.<\/p>\n<p class=\"rtejustify\"><strong>ARAN, NEWFORM,\u00a0 CALIA ITALIA, CHATEAU D&#8217;AX, TONIN CASA, BONTEMPI CASA, TOMASELLA, ALF DA FRE, TONON, NOVAMOBILI, NICOLINE, SEDIT, GRUPPO HOMES, MARCHETTI,\u00a0<\/strong><strong> MAGIS DESIGN<\/strong>\u00a0dhe shum\u00eb t\u00eb tjer\u00eb lejuan dhe na besuan p\u00ebrfaq\u00ebsimin e tyre, duke na zgjedhur pik\u00ebrisht neve si p\u00ebrfaq\u00ebsuesin e tyre n\u00eb tregun e Maqedonis\u00eb. Shikoni p\u00ebrs\u00ebri, urdh\u00ebroni na vizitoni n\u00eb sallonet tona n\u00eb Shkup dhe Gostivar.<\/p>\n<p>&nbsp;<\/p>\n<p><img loading=\"lazy\" decoding=\"async\" class=\"wp-image-6873 alignleft\" src=\"http:\/\/montenegro.mk\/wp-content\/uploads\/2018\/03\/10.jpg\" alt=\"\" width=\"1178\" height=\"663\" srcset=\"https:\/\/montenegro.mk\/wp-content\/uploads\/2018\/03\/10.jpg 852w, https:\/\/montenegro.mk\/wp-content\/uploads\/2018\/03\/10-300x169.jpg 300w, https:\/\/montenegro.mk\/wp-content\/uploads\/2018\/03\/10-768x433.jpg 768w, https:\/\/montenegro.mk\/wp-content\/uploads\/2018\/03\/10-100x55.jpg 100w\" sizes=\"auto, (max-width: 1178px) 100vw, 1178px\" \/><\/p>","protected":false},"excerpt":{"rendered":"<p>Mir\u00eb se erdh\u00ebt n\u00eb bot\u00ebn e gj\u00ebrave t\u00eb bukura&#8230; Mir\u00eb se erdh\u00ebt n\u00eb ueb faqen ton\u00eb t\u00eb re. MONTENEGRO \u00ebsht\u00eb nj\u00eb kompani me kapital privat, me seli n\u00eb qytetin e Gostivarit, e cila n\u00eb treg\u043en vendas funksionon me sukses mbi 25 vjet. Fillimet e kompanis\u00eb datojn\u00eb q\u00eb n\u00eb vitin 1963, si nj\u00eb firm\u00eb e vog\u00ebl [&hellip;]<\/p>\n","protected":false},"author":1,"featured_media":5,"parent":0,"menu_order":0,"comment_status":"closed","ping_status":"closed","template":"","meta":{"footnotes":""},"class_list":["post-45","page","type-page","status-publish","has-post-thumbnail","hentry"],"yoast_head":"<!-- This site is optimized with the Yoast SEO plugin v27.0 - https:\/\/yoast.com\/product\/yoast-seo-wordpress\/ -->\n<title>Rreth Nesh - \u041c\u043e\u043d\u0442\u0435\u043d\u0435\u0433\u0440\u043e<\/title>\n<meta name=\"robots\" content=\"index, follow, max-snippet:-1, max-image-preview:large, max-video-preview:-1\" \/>\n<link rel=\"canonical\" href=\"https:\/\/montenegro.mk\/sq\/\u0437\u0430-\u043d\u0430\u0441\/\" \/>\n<meta property=\"og:locale\" content=\"en_US\" \/>\n<meta property=\"og:type\" content=\"article\" \/>\n<meta property=\"og:title\" content=\"Rreth Nesh - \u041c\u043e\u043d\u0442\u0435\u043d\u0435\u0433\u0440\u043e\" \/>\n<meta property=\"og:description\" content=\"Mir\u00eb se erdh\u00ebt n\u00eb bot\u00ebn e gj\u00ebrave t\u00eb bukura&#8230; Mir\u00eb se erdh\u00ebt n\u00eb ueb faqen ton\u00eb t\u00eb re. MONTENEGRO \u00ebsht\u00eb nj\u00eb kompani me kapital privat, me seli n\u00eb qytetin e Gostivarit, e cila n\u00eb treg\u043en vendas funksionon me sukses mbi 25 vjet. Fillimet e kompanis\u00eb datojn\u00eb q\u00eb n\u00eb vitin 1963, si nj\u00eb firm\u00eb e vog\u00ebl [&hellip;]\" \/>\n<meta property=\"og:url\" content=\"https:\/\/montenegro.mk\/sq\/\u0437\u0430-\u043d\u0430\u0441\/\" \/>\n<meta property=\"og:site_name\" content=\"\u041c\u043e\u043d\u0442\u0435\u043d\u0435\u0433\u0440\u043e\" \/>\n<meta property=\"article:publisher\" content=\"https:\/\/www.facebook.com\/profile.php?id=100064535838005\" \/>\n<meta property=\"article:modified_time\" content=\"2025-10-28T15:42:54+00:00\" \/>\n<meta property=\"og:image\" content=\"https:\/\/montenegro.mk\/wp-content\/uploads\/2017\/11\/sandwich.jpg\" \/>\n\t<meta property=\"og:image:width\" content=\"2000\" \/>\n\t<meta property=\"og:image:height\" content=\"1200\" \/>\n\t<meta property=\"og:image:type\" content=\"image\/jpeg\" \/>\n<meta name=\"twitter:card\" content=\"summary_large_image\" \/>\n<meta name=\"twitter:label1\" content=\"Est. reading time\" \/>\n\t<meta name=\"twitter:data1\" content=\"2 minutes\" \/>\n<script type=\"application\/ld+json\" class=\"yoast-schema-graph\">{\"@context\":\"https:\/\/schema.org\",\"@graph\":[{\"@type\":\"WebPage\",\"@id\":\"https:\/\/montenegro.mk\/sq\/%d0%b7%d0%b0-%d0%bd%d0%b0%d1%81\/\",\"url\":\"https:\/\/montenegro.mk\/sq\/%d0%b7%d0%b0-%d0%bd%d0%b0%d1%81\/\",\"name\":\"Rreth Nesh - \u041c\u043e\u043d\u0442\u0435\u043d\u0435\u0433\u0440\u043e\",\"isPartOf\":{\"@id\":\"https:\/\/montenegro.mk\/sq\/#website\"},\"primaryImageOfPage\":{\"@id\":\"https:\/\/montenegro.mk\/sq\/%d0%b7%d0%b0-%d0%bd%d0%b0%d1%81\/#primaryimage\"},\"image\":{\"@id\":\"https:\/\/montenegro.mk\/%d0%b7%d0%b0-%d0%bd%d0%b0%d1%81\/#primaryimage\"},\"thumbnailUrl\":\"https:\/\/montenegro.mk\/wp-content\/uploads\/2017\/11\/sandwich.jpg\",\"datePublished\":\"2017-11-28T20:54:33+00:00\",\"dateModified\":\"2025-10-28T15:42:54+00:00\",\"breadcrumb\":{\"@id\":\"https:\/\/montenegro.mk\/sq\/%d0%b7%d0%b0-%d0%bd%d0%b0%d1%81\/#breadcrumb\"},\"inLanguage\":\"al-AL\",\"potentialAction\":[{\"@type\":\"ReadAction\",\"target\":[[\"https:\/\/montenegro.mk\/sq\/%d0%b7%d0%b0-%d0%bd%d0%b0%d1%81\/\"]]}]},{\"@type\":\"ImageObject\",\"inLanguage\":\"al-AL\",\"@id\":\"https:\/\/montenegro.mk\/sq\/%d0%b7%d0%b0-%d0%bd%d0%b0%d1%81\/#primaryimage\",\"url\":\"https:\/\/montenegro.mk\/wp-content\/uploads\/2017\/11\/sandwich.jpg\",\"contentUrl\":\"https:\/\/montenegro.mk\/wp-content\/uploads\/2017\/11\/sandwich.jpg\",\"width\":2000,\"height\":1200},{\"@type\":\"BreadcrumbList\",\"@id\":\"https:\/\/montenegro.mk\/sq\/%d0%b7%d0%b0-%d0%bd%d0%b0%d1%81\/#breadcrumb\",\"itemListElement\":[{\"@type\":\"ListItem\",\"position\":1,\"name\":\"Home\",\"item\":\"https:\/\/montenegro.mk\/sq\/\"},{\"@type\":\"ListItem\",\"position\":2,\"name\":\"\u0417\u0410 \u041d\u0410\u0421\"}]},{\"@type\":\"WebSite\",\"@id\":\"https:\/\/montenegro.mk\/sq\/#website\",\"url\":\"https:\/\/montenegro.mk\/sq\/\",\"name\":\"\u041c\u043e\u043d\u0442\u0435\u043d\u0435\u0433\u0440\u043e\",\"description\":\"\",\"publisher\":{\"@id\":\"https:\/\/montenegro.mk\/sq\/#organization\"},\"potentialAction\":[{\"@type\":\"SearchAction\",\"target\":{\"@type\":\"EntryPoint\",\"urlTemplate\":\"https:\/\/montenegro.mk\/sq\/?s={search_term_string}\"},\"query-input\":{\"@type\":\"PropertyValueSpecification\",\"valueRequired\":true,\"valueName\":\"search_term_string\"}}],\"inLanguage\":\"al-AL\"},{\"@type\":\"Organization\",\"@id\":\"https:\/\/montenegro.mk\/sq\/#organization\",\"name\":\"\u041c\u043e\u043d\u0442\u0435\u043d\u0435\u0433\u0440\u043e\",\"url\":\"https:\/\/montenegro.mk\/sq\/\",\"logo\":{\"@type\":\"ImageObject\",\"inLanguage\":\"al-AL\",\"@id\":\"https:\/\/montenegro.mk\/sq\/#\/schema\/logo\/image\/\",\"url\":\"https:\/\/montenegro.mk\/wp-content\/uploads\/2018\/03\/logo-1-1.png\",\"contentUrl\":\"https:\/\/montenegro.mk\/wp-content\/uploads\/2018\/03\/logo-1-1.png\",\"width\":242,\"height\":50,\"caption\":\"\u041c\u043e\u043d\u0442\u0435\u043d\u0435\u0433\u0440\u043e\"},\"image\":{\"@id\":\"https:\/\/montenegro.mk\/sq\/#\/schema\/logo\/image\/\"},\"sameAs\":[\"https:\/\/www.facebook.com\/profile.php?id=100064535838005\"]}]}<\/script>\n<!-- \/ Yoast SEO plugin. -->","yoast_head_json":{"title":"Rreth Nesh - \u041c\u043e\u043d\u0442\u0435\u043d\u0435\u0433\u0440\u043e","robots":{"index":"index","follow":"follow","max-snippet":"max-snippet:-1","max-image-preview":"max-image-preview:large","max-video-preview":"max-video-preview:-1"},"canonical":"https:\/\/montenegro.mk\/sq\/\u0437\u0430-\u043d\u0430\u0441\/","og_locale":"en_US","og_type":"article","og_title":"Rreth Nesh - \u041c\u043e\u043d\u0442\u0435\u043d\u0435\u0433\u0440\u043e","og_description":"Mir\u00eb se erdh\u00ebt n\u00eb bot\u00ebn e gj\u00ebrave t\u00eb bukura&#8230; Mir\u00eb se erdh\u00ebt n\u00eb ueb faqen ton\u00eb t\u00eb re. MONTENEGRO \u00ebsht\u00eb nj\u00eb kompani me kapital privat, me seli n\u00eb qytetin e Gostivarit, e cila n\u00eb treg\u043en vendas funksionon me sukses mbi 25 vjet. Fillimet e kompanis\u00eb datojn\u00eb q\u00eb n\u00eb vitin 1963, si nj\u00eb firm\u00eb e vog\u00ebl [&hellip;]","og_url":"https:\/\/montenegro.mk\/sq\/\u0437\u0430-\u043d\u0430\u0441\/","og_site_name":"\u041c\u043e\u043d\u0442\u0435\u043d\u0435\u0433\u0440\u043e","article_publisher":"https:\/\/www.facebook.com\/profile.php?id=100064535838005","article_modified_time":"2025-10-28T15:42:54+00:00","og_image":[{"width":2000,"height":1200,"url":"https:\/\/montenegro.mk\/wp-content\/uploads\/2017\/11\/sandwich.jpg","type":"image\/jpeg"}],"twitter_card":"summary_large_image","twitter_misc":{"Est. reading time":"2 minutes"},"schema":{"@context":"https:\/\/schema.org","@graph":[{"@type":"WebPage","@id":"https:\/\/montenegro.mk\/sq\/%d0%b7%d0%b0-%d0%bd%d0%b0%d1%81\/","url":"https:\/\/montenegro.mk\/sq\/%d0%b7%d0%b0-%d0%bd%d0%b0%d1%81\/","name":"Rreth Nesh - \u041c\u043e\u043d\u0442\u0435\u043d\u0435\u0433\u0440\u043e","isPartOf":{"@id":"https:\/\/montenegro.mk\/sq\/#website"},"primaryImageOfPage":{"@id":"https:\/\/montenegro.mk\/sq\/%d0%b7%d0%b0-%d0%bd%d0%b0%d1%81\/#primaryimage"},"image":{"@id":"https:\/\/montenegro.mk\/%d0%b7%d0%b0-%d0%bd%d0%b0%d1%81\/#primaryimage"},"thumbnailUrl":"https:\/\/montenegro.mk\/wp-content\/uploads\/2017\/11\/sandwich.jpg","datePublished":"2017-11-28T20:54:33+00:00","dateModified":"2025-10-28T15:42:54+00:00","breadcrumb":{"@id":"https:\/\/montenegro.mk\/sq\/%d0%b7%d0%b0-%d0%bd%d0%b0%d1%81\/#breadcrumb"},"inLanguage":"al-AL","potentialAction":[{"@type":"ReadAction","target":[["https:\/\/montenegro.mk\/sq\/%d0%b7%d0%b0-%d0%bd%d0%b0%d1%81\/"]]}]},{"@type":"ImageObject","inLanguage":"al-AL","@id":"https:\/\/montenegro.mk\/sq\/%d0%b7%d0%b0-%d0%bd%d0%b0%d1%81\/#primaryimage","url":"https:\/\/montenegro.mk\/wp-content\/uploads\/2017\/11\/sandwich.jpg","contentUrl":"https:\/\/montenegro.mk\/wp-content\/uploads\/2017\/11\/sandwich.jpg","width":2000,"height":1200},{"@type":"BreadcrumbList","@id":"https:\/\/montenegro.mk\/sq\/%d0%b7%d0%b0-%d0%bd%d0%b0%d1%81\/#breadcrumb","itemListElement":[{"@type":"ListItem","position":1,"name":"Home","item":"https:\/\/montenegro.mk\/sq\/"},{"@type":"ListItem","position":2,"name":"\u0417\u0410 \u041d\u0410\u0421"}]},{"@type":"WebSite","@id":"https:\/\/montenegro.mk\/sq\/#website","url":"https:\/\/montenegro.mk\/sq\/","name":"\u041c\u043e\u043d\u0442\u0435\u043d\u0435\u0433\u0440\u043e","description":"","publisher":{"@id":"https:\/\/montenegro.mk\/sq\/#organization"},"potentialAction":[{"@type":"SearchAction","target":{"@type":"EntryPoint","urlTemplate":"https:\/\/montenegro.mk\/sq\/?s={search_term_string}"},"query-input":{"@type":"PropertyValueSpecification","valueRequired":true,"valueName":"search_term_string"}}],"inLanguage":"al-AL"},{"@type":"Organization","@id":"https:\/\/montenegro.mk\/sq\/#organization","name":"\u041c\u043e\u043d\u0442\u0435\u043d\u0435\u0433\u0440\u043e","url":"https:\/\/montenegro.mk\/sq\/","logo":{"@type":"ImageObject","inLanguage":"al-AL","@id":"https:\/\/montenegro.mk\/sq\/#\/schema\/logo\/image\/","url":"https:\/\/montenegro.mk\/wp-content\/uploads\/2018\/03\/logo-1-1.png","contentUrl":"https:\/\/montenegro.mk\/wp-content\/uploads\/2018\/03\/logo-1-1.png","width":242,"height":50,"caption":"\u041c\u043e\u043d\u0442\u0435\u043d\u0435\u0433\u0440\u043e"},"image":{"@id":"https:\/\/montenegro.mk\/sq\/#\/schema\/logo\/image\/"},"sameAs":["https:\/\/www.facebook.com\/profile.php?id=100064535838005"]}]}},"_links":{"self":[{"href":"https:\/\/montenegro.mk\/sq\/wp-json\/wp\/v2\/pages\/45","targetHints":{"allow":["GET"]}}],"collection":[{"href":"https:\/\/montenegro.mk\/sq\/wp-json\/wp\/v2\/pages"}],"about":[{"href":"https:\/\/montenegro.mk\/sq\/wp-json\/wp\/v2\/types\/page"}],"author":[{"embeddable":true,"href":"https:\/\/montenegro.mk\/sq\/wp-json\/wp\/v2\/users\/1"}],"replies":[{"embeddable":true,"href":"https:\/\/montenegro.mk\/sq\/wp-json\/wp\/v2\/comments?post=45"}],"version-history":[{"count":22,"href":"https:\/\/montenegro.mk\/sq\/wp-json\/wp\/v2\/pages\/45\/revisions"}],"predecessor-version":[{"id":19400,"href":"https:\/\/montenegro.mk\/sq\/wp-json\/wp\/v2\/pages\/45\/revisions\/19400"}],"wp:featuredmedia":[{"embeddable":true,"href":"https:\/\/montenegro.mk\/sq\/wp-json\/wp\/v2\/media\/5"}],"wp:attachment":[{"href":"https:\/\/montenegro.mk\/sq\/wp-json\/wp\/v2\/media?parent=45"}],"curies":[{"name":"wp","href":"https:\/\/api.w.org\/{rel}","templated":true}]}}